{"id":103,"date":"2025-05-09T00:37:18","date_gmt":"2025-05-09T00:37:18","guid":{"rendered":"https:\/\/reactio.media\/?page_id=103"},"modified":"2025-08-12T12:40:50","modified_gmt":"2025-08-12T12:40:50","slug":"ota-yhteytta","status":"publish","type":"page","link":"https:\/\/reactio.media\/?page_id=103","title":{"rendered":"Ota yhteytt\u00e4"},"content":{"rendered":"<section class=\"bde-section-103-100 bde-section\">\n  \n  \n\t\n\n\n\n<div class=\"section-container\"><div class=\"bde-grid-103-101 bde-grid\">\n  \n  \n\t\n\n\n\n<div class=\"bde-div-103-102 bde-div\">\n  \n  \n\t\n\n\n\n<div class=\"bde-div-103-103 bde-div\">\n  \n  \n\t\n\n\n\n<h2 class=\"bde-heading-103-104 bde-heading\">\nOta yhteytt\u00e4!\n<\/h2><div class=\"bde-div-103-116 bde-div\">\n  \n  \n\t\n\n\n\n<div class=\"bde-div-103-110 bde-div\">\n  \n  \n\t\n\n\n\n<div class=\"bde-icon-103-111 bde-icon\">\n\n    \n            <div class=\"bde-icon-icon breakdance-icon-atom\" >\n    \n                    <svg xmlns=\"http:\/\/www.w3.org\/2000\/svg\" viewBox=\"0 0 512 512\"><!--! Font Awesome Free 6.5.1 by @fontawesome - https:\/\/fontawesome.com License - https:\/\/fontawesome.com\/license\/free (Icons: CC BY 4.0, Fonts: SIL OFL 1.1, Code: MIT License) Copyright 2023 Fonticons, Inc. --><path d=\"M64 112c-8.8 0-16 7.2-16 16v22.1L220.5 291.7c20.7 17 50.4 17 71.1 0L464 150.1V128c0-8.8-7.2-16-16-16H64zM48 212.2V384c0 8.8 7.2 16 16 16H448c8.8 0 16-7.2 16-16V212.2L322 328.8c-38.4 31.5-93.7 31.5-132 0L48 212.2zM0 128C0 92.7 28.7 64 64 64H448c35.3 0 64 28.7 64 64V384c0 35.3-28.7 64-64 64H64c-35.3 0-64-28.7-64-64V128z\"\/><\/svg>\n        \n        \n        \n            <\/div>\n    \n\n\n<\/div><div class=\"bde-text-103-112 bde-text\">\ninfo@pureevents.fi\n<\/div>\n<\/div><div class=\"bde-div-103-113 bde-div\">\n  \n  \n\t\n\n\n\n<div class=\"bde-icon-103-114 bde-icon\">\n\n    \n            <div class=\"bde-icon-icon breakdance-icon-atom\" >\n    \n                    <svg xmlns=\"http:\/\/www.w3.org\/2000\/svg\" id=\"icon-mobile\" viewBox=\"0 0 32 32\">\n<path d=\"M23 0h-14c-1.65 0-3 1.35-3 3v26c0 1.65 1.35 3 3 3h14c1.65 0 3-1.35 3-3v-26c0-1.65-1.35-3-3-3zM12 1.5h8v1h-8v-1zM16 30c-1.105 0-2-0.895-2-2s0.895-2 2-2 2 0.895 2 2-0.895 2-2 2zM24 24h-16v-20h16v20z\"\/>\n<\/svg>\n        \n        \n        \n            <\/div>\n    \n\n\n<\/div><div class=\"bde-text-103-115 bde-text\">\n044 994 0074\n<\/div>\n<\/div>\n<\/div>\n<\/div><img decoding=\"async\" class=\"bde-image2-103-106 bde-image2 logo\" src=\"https:\/\/reactio.media\/wp-content\/uploads\/2025\/05\/White-logo-no-background-scaled.png\" loading=\"lazy\" srcset=\"https:\/\/reactio.media\/wp-content\/uploads\/2025\/05\/White-logo-no-background-scaled.png 2560w, https:\/\/reactio.media\/wp-content\/uploads\/2025\/05\/White-logo-no-background-300x82.png 300w, https:\/\/reactio.media\/wp-content\/uploads\/2025\/05\/White-logo-no-background-1024x281.png 1024w, https:\/\/reactio.media\/wp-content\/uploads\/2025\/05\/White-logo-no-background-768x211.png 768w, https:\/\/reactio.media\/wp-content\/uploads\/2025\/05\/White-logo-no-background-1536x421.png 1536w, https:\/\/reactio.media\/wp-content\/uploads\/2025\/05\/White-logo-no-background-2048x562.png 2048w\" sizes=\"(max-width: 2560px) 100vw, 2560px\">\n<\/div><div class=\"bde-div-103-107 bde-div\">\n  \n  \n\t\n\n\n\n<h4 class=\"bde-heading-103-108 bde-heading\">\nYhteydenotto\n<\/h4><div class=\"bde-form-builder-103-109 bde-form-builder\">\n\n<form id=\"contact-form109\" class=\"breakdance-form breakdance-form--vertical\" data-options=\"{&quot;slug&quot;:&quot;custom&quot;,&quot;name&quot;:&quot;Contact Form&quot;,&quot;ajaxUrl&quot;:&quot;https:\\\/\\\/reactio.media\\\/wp-admin\\\/admin-ajax.php&quot;,&quot;clearOnSuccess&quot;:true,&quot;hideOnSuccess&quot;:false,&quot;successMessage&quot;:&quot;Viesti l\\u00e4hetetty&quot;,&quot;errorMessage&quot;:&quot;Virhetila&quot;,&quot;redirect&quot;:false,&quot;redirectUrl&quot;:&quot;&quot;,&quot;customJavaScript&quot;:&quot;&quot;,&quot;recaptcha&quot;:{&quot;key&quot;:&quot;&quot;,&quot;enabled&quot;:false},&quot;honeypot_enabled&quot;:false,&quot;popupsOnSuccess&quot;:[],&quot;popupsOnError&quot;:[]}\" data-steps=\"0\" >\n  \n  \n  \n<div class=\"breakdance-form-field breakdance-form-field--text\" >\n    \n    \n            <label class=\"breakdance-form-field__label\" for=\"name\">\n            Nimi<span class=\"breakdance-form-field__required\">*<\/span>\n        <\/label>\n    \n    <input\n    class=\"breakdance-form-field__input\"\n    id=\"name\"\n    aria-describedby=\"name\"\n    type=\"text\"\n    name=\"fields[name]\"\n    placeholder=\"Name\"\n    value=\"\"\n                \n        \n        \n    required\n    \n    \n    \n>\n\n\n    \n    \n<\/div>\n\n\n<div class=\"breakdance-form-field breakdance-form-field--email\" >\n    \n    \n            <label class=\"breakdance-form-field__label\" for=\"email\">\n            S\u00e4hk\u00f6posti<span class=\"breakdance-form-field__required\">*<\/span>\n        <\/label>\n    \n    <input\n    class=\"breakdance-form-field__input\"\n    id=\"email\"\n    aria-describedby=\"email\"\n    type=\"email\"\n    name=\"fields[email]\"\n    placeholder=\"Email\"\n    value=\"\"\n                \n        \n        \n    required\n    \n    \n    \n>\n\n\n    \n    \n<\/div>\n\n\n<div class=\"breakdance-form-field breakdance-form-field--textarea\" >\n    \n    \n            <label class=\"breakdance-form-field__label\" for=\"message\">\n            Viesti<span class=\"breakdance-form-field__required\">*<\/span>\n        <\/label>\n    \n    <textarea\n    class=\"breakdance-form-field__input\"\n    id=\"message\"\n    aria-describedby=\"message\"\n    type=\"textarea\"\n    name=\"fields[message]\"\n        placeholder=\"Type your message...\"\n    required\n    >\n<\/textarea>\n\n\n    \n    \n<\/div>\n\n\n  \n\n<div class=\"breakdance-form-field breakdance-form-footer\">\n    \n    \n                                    \n    \n    \n    \n    \n            \n            <button type=\"submit\" class=\"button-atom button-atom--primary breakdance-form-button breakdance-form-button__submit\"  >\n    \n        <span class=\"button-atom__text\">Ota yhteytt\u00e4<\/span>\n\n        \n        \n            <\/button>\n    \n    <input type=\"hidden\" name=\"form_id\" value=\"109\">\n    <input type=\"hidden\" name=\"post_id\" value=\"103\">\n<\/div>\n\n  \n<\/form>\n\n\n<\/div>\n<\/div>\n<\/div><\/div>\n<\/section>","protected":false},"excerpt":{"rendered":"<p>Ota yhteytt\u00e4! info@pureevents.fi 044 994 0074 Yhteydenotto Nimi* S\u00e4hk\u00f6posti* Viesti* Ota yhteytt\u00e4<\/p>\n","protected":false},"author":1,"featured_media":0,"parent":0,"menu_order":0,"comment_status":"closed","ping_status":"closed","template":"","meta":{"_acf_changed":false,"_breakdance_hide_in_design_set":false,"_breakdance_tags":"","footnotes":""},"class_list":["post-103","page","type-page","status-publish","hentry"],"acf":[],"_links":{"self":[{"href":"https:\/\/reactio.media\/index.php?rest_route=\/wp\/v2\/pages\/103","targetHints":{"allow":["GET"]}}],"collection":[{"href":"https:\/\/reactio.media\/index.php?rest_route=\/wp\/v2\/pages"}],"about":[{"href":"https:\/\/reactio.media\/index.php?rest_route=\/wp\/v2\/types\/page"}],"author":[{"embeddable":true,"href":"https:\/\/reactio.media\/index.php?rest_route=\/wp\/v2\/users\/1"}],"replies":[{"embeddable":true,"href":"https:\/\/reactio.media\/index.php?rest_route=%2Fwp%2Fv2%2Fcomments&post=103"}],"version-history":[{"count":8,"href":"https:\/\/reactio.media\/index.php?rest_route=\/wp\/v2\/pages\/103\/revisions"}],"predecessor-version":[{"id":171,"href":"https:\/\/reactio.media\/index.php?rest_route=\/wp\/v2\/pages\/103\/revisions\/171"}],"wp:attachment":[{"href":"https:\/\/reactio.media\/index.php?rest_route=%2Fwp%2Fv2%2Fmedia&parent=103"}],"curies":[{"name":"wp","href":"https:\/\/api.w.org\/{rel}","templated":true}]}}