{"id":99,"date":"2025-05-09T00:36:22","date_gmt":"2025-05-09T00:36:22","guid":{"rendered":"https:\/\/reactio.media\/?page_id=99"},"modified":"2025-05-09T00:37:08","modified_gmt":"2025-05-09T00:37:08","slug":"tapahtumat","status":"publish","type":"page","link":"https:\/\/reactio.media\/?page_id=99","title":{"rendered":"Tapahtumat"},"content":{"rendered":"<section class=\"bde-section-99-100 bde-section\">\n  \n  \n\t\n\n\n\n<div class=\"section-container\"><h1 class=\"bde-heading-99-101 bde-heading\">\nTapahtumat\n<\/h1><div class=\"bde-post-loop-99-102 bde-post-loop\">    <div class=\"bde-isotope-filter-bar\">\n        <div class=\"bde-tabs\">\n            \n\n        \n  \n  \n  <div class=\"bde-tabs__tabslist-container bde-tabs__tabslist-container--scrollable is-horizontal js-tabs-container\">\n    <div class=\"bde-tabs__tabslist bde-tabs__tabslist--default js-tablist\" role=\"tablist\" aria-label=\"Content tabs\" aria-orientation=\"horizontal\" data-tabs-id=\"isotope\">\n              <button role=\"tab\" aria-selected=\"false\" class=\"bde-tabs__tab js-tab\" aria-controls=\"tab-panel-isotope-all\" id=\"tab-isotope-all\" data-value=\"all\">\n          <span class=\"bde-tabs__tab-title\">Kaikki tapahtumat<\/span>\n        <\/button>\n      \n              <button role=\"tab\" aria-selected=\"false\" class=\"bde-tabs__tab js-tab\" aria-controls=\"tab-panel-isotope-1\" id=\"tab-isotope-1\" data-value=\"6\">\n                    <span class=\"bde-tabs__tab-title\">Street Hockey<\/span>\n        <\/button>\n          <\/div>\n  <\/div>\n\n\n        <\/div>\n    <\/div>\n<div class=\"bde-loop bde-loop- ee-posts ee-posts- bde-loop-isotope ee-posts-isotope\">    <article class=\"bde-loop-item ee-post\">\n        <div class=\"bde-div-62-100-164-62-1 bde-div bde-div-62-100\">\n  \n  \n\t\n\n\n\n<style>.breakdance .bde-div-62-102-164-62-1{background-image:url(https:\/\/reactio.media\/wp-content\/uploads\/2025\/08\/OUTLOUD-1-kopio.png);background-size:cover;background-position:center center}<\/style><div class=\"bde-div-62-102-164-62-1 bde-div bde-div-62-102\">\n  \n  \n\t\n\n\n\n\n<\/div><h2 class=\"bde-heading-62-103-164-62-1 bde-heading bde-heading-62-103\">\nOUTLOUD\n<\/h2><div class=\"bde-text-62-117-164-62-1 bde-text bde-text-62-117\">\n<p>OUTLOUD -tapahtumakonsepti yhdist\u00e4\u00e4 suomalaisen rap-kulttuurin elementtej\u00e4. Tapahtumat yhdist\u00e4v\u00e4t artistien livekeikat, live-DJ:t sek\u00e4 tarjoavat OUTLOUD NEWCOMER -artisteille mahdollisuuden n\u00e4kyvyyteen ja esiintymiseen. Rap-tyylisiss\u00e4 klubitapahtumissa on esiintynyt mm. Jore&amp;Zpoppa, william sek\u00e4 Alina Burnet.<\/p>\n\n<\/div>\n<\/div><div class=\"de-quickview-popup-62-106-164-62-1 de-quickview-popup de-quickview-popup-62-106\">\n<div class=\"de-quickview-popup-wrapper\">\n  <div class=\"de-quickview-popup-container\">\n    <div class=\"de-quickview-popup-close\">\n    \t<svg xmlns=\"http:\/\/www.w3.org\/2000\/svg\" viewBox=\"0 0 512 512\"><!--! Font Awesome Free 6.5.1 by @fontawesome - https:\/\/fontawesome.com License - https:\/\/fontawesome.com\/license\/free (Icons: CC BY 4.0, Fonts: SIL OFL 1.1, Code: MIT License) Copyright 2023 Fonticons, Inc. --><path d=\"M64 80c-8.8 0-16 7.2-16 16V416c0 8.8 7.2 16 16 16H448c8.8 0 16-7.2 16-16V96c0-8.8-7.2-16-16-16H64zM0 96C0 60.7 28.7 32 64 32H448c35.3 0 64 28.7 64 64V416c0 35.3-28.7 64-64 64H64c-35.3 0-64-28.7-64-64V96zm175 79c9.4-9.4 24.6-9.4 33.9 0l47 47 47-47c9.4-9.4 24.6-9.4 33.9 0s9.4 24.6 0 33.9l-47 47 47 47c9.4 9.4 9.4 24.6 0 33.9s-24.6 9.4-33.9 0l-47-47-47 47c-9.4 9.4-24.6 9.4-33.9 0s-9.4-24.6 0-33.9l47-47-47-47c-9.4-9.4-9.4-24.6 0-33.9z\"\/><\/svg>\n    <\/div>\n    <div class=\"bde-div-62-107-164-62-1 bde-div bde-div-62-107\">\n  \n  \n\t\n\n\n\n<div class=\"bde-columns-62-108-164-62-1 bde-columns bde-columns-62-108\"><div class=\"bde-column-62-109-164-62-1 bde-column bde-column-62-109\">\n  \n  \n\t\n\n\n\n<img decoding=\"async\" class=\"bde-image2-62-110-164-62-1 bde-image2 bde-image2-62-110\" src=\"https:\/\/reactio.media\/wp-content\/uploads\/2025\/08\/OUTLOUD-1-kopio.png\" loading=\"lazy\" srcset=\"https:\/\/reactio.media\/wp-content\/uploads\/2025\/08\/OUTLOUD-1-kopio.png 1080w, https:\/\/reactio.media\/wp-content\/uploads\/2025\/08\/OUTLOUD-1-kopio-300x161.png 300w, https:\/\/reactio.media\/wp-content\/uploads\/2025\/08\/OUTLOUD-1-kopio-1024x550.png 1024w, https:\/\/reactio.media\/wp-content\/uploads\/2025\/08\/OUTLOUD-1-kopio-768x412.png 768w\" sizes=\"(max-width: 1080px) 100vw, 1080px\">\n<\/div><div class=\"bde-column-62-111-164-62-1 bde-column bde-column-62-111\">\n  \n  \n\t\n\n\n\n<h2 class=\"bde-heading-62-112-164-62-1 bde-heading bde-heading-62-112\">\nOUTLOUD\n<\/h2><div class=\"bde-text-62-113-164-62-1 bde-text bde-text-62-113\">\n\n<p>OUTLOUD -tapahtumakonsepti yhdist\u00e4\u00e4 suomalaisen rap-kulttuurin elementtej\u00e4. Tapahtumat yhdist\u00e4v\u00e4t artistien livekeikat, live-DJ:t sek\u00e4 tarjoavat OUTLOUD NEWCOMER -artisteille mahdollisuuden n\u00e4kyvyyteen ja esiintymiseen. Rap-tyylisiss\u00e4 klubitapahtumissa on esiintynyt mm. Jore&amp;Zpoppa, william sek\u00e4 Alina Burnet.<\/p>\n\n<\/div><div class=\"bde-text-62-114-164-62-1 bde-text bde-text-62-114\">\n\n<\/div><a class=\"bde-text-link-62-115-164-62-1 bde-text-link bde-text-link-62-115 breakdance-link\" href=\"https:\/\/www.instagram.com\/outloudevents\/?hl=fi\" target=\"_self\" data-type=\"url\">\n  Klikkaa t\u00e4st\u00e4 tapahtuman sivuille\n\n<\/a>\n<\/div><\/div>\n<\/div>\n  <\/div>\n<\/div>\n<\/div>    <\/article>\n    <article class=\"bde-loop-item ee-post\">\n        <div class=\"bde-div-62-100-117-62-1 bde-div bde-div-62-100\">\n  \n  \n\t\n\n\n\n<style>.breakdance .bde-div-62-102-117-62-1{background-image:url(https:\/\/reactio.media\/wp-content\/uploads\/2025\/05\/IG-pohja-vaaka-4-e1747338068723.png);background-size:cover;background-position:center center}<\/style><div class=\"bde-div-62-102-117-62-1 bde-div bde-div-62-102\">\n  \n  \n\t\n\n\n\n\n<\/div><h2 class=\"bde-heading-62-103-117-62-1 bde-heading bde-heading-62-103\">\nPond Hockey World Cup 2026\n<\/h2><div class=\"bde-text-62-117-117-62-1 bde-text bde-text-62-117\">\n<p>Pond Hockey World Cup -tapahtuma on harrastejoukkueille ja kaveriporukoille suunnattu viihteellinen j\u00e4\u00e4kiekkotapahtuma. Levin tunturin kupeeseen aurattavilla luonnonj\u00e4\u00e4kentill\u00e4 pelataan pipol\u00e4tk\u00e4\u00e4 rennolla otteella ja tapahtuman kisakyl\u00e4 Levin ytimess\u00e4 pit\u00e4\u00e4 huolen pelaajien ja sidosryhmien viihtyvyydest\u00e4 aamusta y\u00f6h\u00f6n!<\/p>\n\n<\/div>\n<\/div><div class=\"de-quickview-popup-62-106-117-62-1 de-quickview-popup de-quickview-popup-62-106\">\n<div class=\"de-quickview-popup-wrapper\">\n  <div class=\"de-quickview-popup-container\">\n    <div class=\"de-quickview-popup-close\">\n    \t<svg xmlns=\"http:\/\/www.w3.org\/2000\/svg\" viewBox=\"0 0 512 512\"><!--! Font Awesome Free 6.5.1 by @fontawesome - https:\/\/fontawesome.com License - https:\/\/fontawesome.com\/license\/free (Icons: CC BY 4.0, Fonts: SIL OFL 1.1, Code: MIT License) Copyright 2023 Fonticons, Inc. --><path d=\"M64 80c-8.8 0-16 7.2-16 16V416c0 8.8 7.2 16 16 16H448c8.8 0 16-7.2 16-16V96c0-8.8-7.2-16-16-16H64zM0 96C0 60.7 28.7 32 64 32H448c35.3 0 64 28.7 64 64V416c0 35.3-28.7 64-64 64H64c-35.3 0-64-28.7-64-64V96zm175 79c9.4-9.4 24.6-9.4 33.9 0l47 47 47-47c9.4-9.4 24.6-9.4 33.9 0s9.4 24.6 0 33.9l-47 47 47 47c9.4 9.4 9.4 24.6 0 33.9s-24.6 9.4-33.9 0l-47-47-47 47c-9.4 9.4-24.6 9.4-33.9 0s-9.4-24.6 0-33.9l47-47-47-47c-9.4-9.4-9.4-24.6 0-33.9z\"\/><\/svg>\n    <\/div>\n    <div class=\"bde-div-62-107-117-62-1 bde-div bde-div-62-107\">\n  \n  \n\t\n\n\n\n<div class=\"bde-columns-62-108-117-62-1 bde-columns bde-columns-62-108\"><div class=\"bde-column-62-109-117-62-1 bde-column bde-column-62-109\">\n  \n  \n\t\n\n\n\n<img decoding=\"async\" class=\"bde-image2-62-110-117-62-1 bde-image2 bde-image2-62-110\" src=\"https:\/\/reactio.media\/wp-content\/uploads\/2025\/05\/IG-pohja-vaaka-4-e1747338068723.png\" loading=\"lazy\" srcset=\"https:\/\/reactio.media\/wp-content\/uploads\/2025\/05\/IG-pohja-vaaka-4-e1747338068723.png 1080w, https:\/\/reactio.media\/wp-content\/uploads\/2025\/05\/IG-pohja-vaaka-4-e1747338068723-300x161.png 300w, https:\/\/reactio.media\/wp-content\/uploads\/2025\/05\/IG-pohja-vaaka-4-e1747338068723-1024x550.png 1024w, https:\/\/reactio.media\/wp-content\/uploads\/2025\/05\/IG-pohja-vaaka-4-e1747338068723-768x412.png 768w\" sizes=\"(max-width: 1080px) 100vw, 1080px\">\n<\/div><div class=\"bde-column-62-111-117-62-1 bde-column bde-column-62-111\">\n  \n  \n\t\n\n\n\n<h2 class=\"bde-heading-62-112-117-62-1 bde-heading bde-heading-62-112\">\nPond Hockey World Cup 2026\n<\/h2><div class=\"bde-text-62-113-117-62-1 bde-text bde-text-62-113\">\n\n<p>Pond Hockey World Cup -tapahtuma on harrastejoukkueille ja kaveriporukoille suunnattu viihteellinen j\u00e4\u00e4kiekkotapahtuma. Levin tunturin kupeeseen aurattavilla luonnonj\u00e4\u00e4kentill\u00e4 pelataan pipol\u00e4tk\u00e4\u00e4 rennolla otteella ja tapahtuman kisakyl\u00e4 Levin ytimess\u00e4 pit\u00e4\u00e4 huolen pelaajien ja sidosryhmien viihtyvyydest\u00e4 aamusta y\u00f6h\u00f6n!<\/p>\n\n<\/div><div class=\"bde-text-62-114-117-62-1 bde-text bde-text-62-114\">\n23\/01\/2026 9:00 am\n<\/div><a class=\"bde-text-link-62-115-117-62-1 bde-text-link bde-text-link-62-115 breakdance-link\" href=\"https:\/\/pondhockey4all.com\/\" target=\"_self\" data-type=\"url\">\n  Klikkaa t\u00e4st\u00e4 tapahtuman sivuille\n\n<\/a>\n<\/div><\/div>\n<\/div>\n  <\/div>\n<\/div>\n<\/div>    <\/article>\n    <article class=\"bde-loop-item ee-post\" data-filters=\"6\">\n        <div class=\"bde-div-62-100-47-62-1 bde-div bde-div-62-100\">\n  \n  \n\t\n\n\n\n<style>.breakdance .bde-div-62-102-47-62-1{background-image:url(https:\/\/reactio.media\/wp-content\/uploads\/2025\/05\/IG-pohja-vaaka-3.png);background-size:cover;background-position:center center}<\/style><div class=\"bde-div-62-102-47-62-1 bde-div bde-div-62-102\">\n  \n  \n\t\n\n\n\n\n<\/div><h2 class=\"bde-heading-62-103-47-62-1 bde-heading bde-heading-62-103\">\nTEHO St Hockey Tour 2025\n<\/h2><div class=\"bde-text-62-117-47-62-1 bde-text bde-text-62-117\">\n<p>TEHO St Hockey Tour -katul\u00e4tk\u00e4turnaus pelataan t\u00e4n\u00e4 kes\u00e4n\u00e4 Turussa, Helsingiss\u00e4, Tampereella, Kuopiossa ja Oulussa. Katul\u00e4tk\u00e4 on matalan kynnyksen laji, jota on helppo pelata taitotasosta riippumatta: tarvitset kiertueelle vain mailan, hanskat ja kyp\u00e4r\u00e4n. Kiertueella on omat sarjat naisille, miehille sek\u00e4 harrastejoukkueille &#8211; pelimuotona kaikissa 5v5, suositeltu joukkuekoko 8-12 pelaajaa. Voit osallistua yhden tai useamman kaupungin osaturnaukseen!<\/p>\n\n<\/div>\n<\/div><div class=\"de-quickview-popup-62-106-47-62-1 de-quickview-popup de-quickview-popup-62-106\">\n<div class=\"de-quickview-popup-wrapper\">\n  <div class=\"de-quickview-popup-container\">\n    <div class=\"de-quickview-popup-close\">\n    \t<svg xmlns=\"http:\/\/www.w3.org\/2000\/svg\" viewBox=\"0 0 512 512\"><!--! Font Awesome Free 6.5.1 by @fontawesome - https:\/\/fontawesome.com License - https:\/\/fontawesome.com\/license\/free (Icons: CC BY 4.0, Fonts: SIL OFL 1.1, Code: MIT License) Copyright 2023 Fonticons, Inc. --><path d=\"M64 80c-8.8 0-16 7.2-16 16V416c0 8.8 7.2 16 16 16H448c8.8 0 16-7.2 16-16V96c0-8.8-7.2-16-16-16H64zM0 96C0 60.7 28.7 32 64 32H448c35.3 0 64 28.7 64 64V416c0 35.3-28.7 64-64 64H64c-35.3 0-64-28.7-64-64V96zm175 79c9.4-9.4 24.6-9.4 33.9 0l47 47 47-47c9.4-9.4 24.6-9.4 33.9 0s9.4 24.6 0 33.9l-47 47 47 47c9.4 9.4 9.4 24.6 0 33.9s-24.6 9.4-33.9 0l-47-47-47 47c-9.4 9.4-24.6 9.4-33.9 0s-9.4-24.6 0-33.9l47-47-47-47c-9.4-9.4-9.4-24.6 0-33.9z\"\/><\/svg>\n    <\/div>\n    <div class=\"bde-div-62-107-47-62-1 bde-div bde-div-62-107\">\n  \n  \n\t\n\n\n\n<div class=\"bde-columns-62-108-47-62-1 bde-columns bde-columns-62-108\"><div class=\"bde-column-62-109-47-62-1 bde-column bde-column-62-109\">\n  \n  \n\t\n\n\n\n<img decoding=\"async\" class=\"bde-image2-62-110-47-62-1 bde-image2 bde-image2-62-110\" src=\"https:\/\/reactio.media\/wp-content\/uploads\/2025\/05\/IG-pohja-vaaka-3.png\" loading=\"lazy\" srcset=\"https:\/\/reactio.media\/wp-content\/uploads\/2025\/05\/IG-pohja-vaaka-3.png 1080w, https:\/\/reactio.media\/wp-content\/uploads\/2025\/05\/IG-pohja-vaaka-3-300x200.png 300w, https:\/\/reactio.media\/wp-content\/uploads\/2025\/05\/IG-pohja-vaaka-3-1024x683.png 1024w, https:\/\/reactio.media\/wp-content\/uploads\/2025\/05\/IG-pohja-vaaka-3-768x512.png 768w\" sizes=\"(max-width: 1080px) 100vw, 1080px\">\n<\/div><div class=\"bde-column-62-111-47-62-1 bde-column bde-column-62-111\">\n  \n  \n\t\n\n\n\n<h2 class=\"bde-heading-62-112-47-62-1 bde-heading bde-heading-62-112\">\nTEHO St Hockey Tour 2025\n<\/h2><div class=\"bde-text-62-113-47-62-1 bde-text bde-text-62-113\">\n\n<p>TEHO St Hockey Tour -katul\u00e4tk\u00e4turnaus pelataan t\u00e4n\u00e4 kes\u00e4n\u00e4 Turussa, Helsingiss\u00e4, Tampereella, Kuopiossa ja Oulussa. Katul\u00e4tk\u00e4 on matalan kynnyksen laji, jota on helppo pelata taitotasosta riippumatta: tarvitset kiertueelle vain mailan, hanskat ja kyp\u00e4r\u00e4n. Kiertueella on omat sarjat naisille, miehille sek\u00e4 harrastejoukkueille &#8211; pelimuotona kaikissa 5v5, suositeltu joukkuekoko 8-12 pelaajaa. Voit osallistua yhden tai useamman kaupungin osaturnaukseen!<\/p>\n\n\n\n<p><\/p>\n\n<\/div><div class=\"bde-text-62-114-47-62-1 bde-text bde-text-62-114\">\n07\/06\/2025 9:00 am\n<\/div><a class=\"bde-text-link-62-115-47-62-1 bde-text-link bde-text-link-62-115 breakdance-link\" href=\"https:\/\/sthockey.com\" target=\"_self\" data-type=\"url\">\n  Klikkaa t\u00e4st\u00e4 tapahtuman sivuille\n\n<\/a>\n<\/div><\/div>\n<\/div>\n  <\/div>\n<\/div>\n<\/div>    <\/article>\n<div class=\"bde-loop-item-gutter ee-post-gutter\"><\/div><div class=\"bde-loop-item-sizer ee-post-sizer\"><\/div><\/div>\r\n<\/div><\/div>\n<\/section>","protected":false},"excerpt":{"rendered":"<p>Tapahtumat Kaikki tapahtumat Street Hockey OUTLOUD OUTLOUD -tapahtumakonsepti yhdist\u00e4\u00e4 suomalaisen rap-kulttuurin elementtej\u00e4. Tapahtumat yhdist\u00e4v\u00e4t artistien livekeikat, live-DJ:t sek\u00e4 tarjoavat OUTLOUD NEWCOMER -artisteille mahdollisuuden n\u00e4kyvyyteen ja esiintymiseen. Rap-tyylisiss\u00e4 klubitapahtumissa on esiintynyt mm. Jore&amp;Zpoppa, william sek\u00e4 Alina Burnet. OUTLOUD OUTLOUD -tapahtumakonsepti yhdist\u00e4\u00e4 suomalaisen rap-kulttuurin elementtej\u00e4. Tapahtumat yhdist\u00e4v\u00e4t artistien livekeikat, live-DJ:t sek\u00e4 tarjoavat OUTLOUD NEWCOMER -artisteille mahdollisuuden n\u00e4kyvyyteen [&hellip;]<\/p>\n","protected":false},"author":1,"featured_media":0,"parent":0,"menu_order":0,"comment_status":"closed","ping_status":"closed","template":"","meta":{"_acf_changed":false,"_breakdance_hide_in_design_set":false,"_breakdance_tags":"","footnotes":""},"class_list":["post-99","page","type-page","status-publish","hentry"],"acf":[],"_links":{"self":[{"href":"https:\/\/reactio.media\/index.php?rest_route=\/wp\/v2\/pages\/99","targetHints":{"allow":["GET"]}}],"collection":[{"href":"https:\/\/reactio.media\/index.php?rest_route=\/wp\/v2\/pages"}],"about":[{"href":"https:\/\/reactio.media\/index.php?rest_route=\/wp\/v2\/types\/page"}],"author":[{"embeddable":true,"href":"https:\/\/reactio.media\/index.php?rest_route=\/wp\/v2\/users\/1"}],"replies":[{"embeddable":true,"href":"https:\/\/reactio.media\/index.php?rest_route=%2Fwp%2Fv2%2Fcomments&post=99"}],"version-history":[{"count":3,"href":"https:\/\/reactio.media\/index.php?rest_route=\/wp\/v2\/pages\/99\/revisions"}],"predecessor-version":[{"id":102,"href":"https:\/\/reactio.media\/index.php?rest_route=\/wp\/v2\/pages\/99\/revisions\/102"}],"wp:attachment":[{"href":"https:\/\/reactio.media\/index.php?rest_route=%2Fwp%2Fv2%2Fmedia&parent=99"}],"curies":[{"name":"wp","href":"https:\/\/api.w.org\/{rel}","templated":true}]}}